{"id":732,"date":"2024-11-27T11:24:18","date_gmt":"2024-11-27T11:24:18","guid":{"rendered":"https:\/\/jobker.hu\/?page_id=732"},"modified":"2024-11-27T11:30:29","modified_gmt":"2024-11-27T11:30:29","slug":"felmeres","status":"publish","type":"page","link":"https:\/\/jobker.hu\/en\/felmeres\/","title":{"rendered":"Survey"},"content":{"rendered":"<div data-elementor-type=\"wp-page\" data-elementor-id=\"732\" class=\"elementor elementor-732\">\n\t\t\t\t<div class=\"elementor-element elementor-element-416d439 e-flex e-con-boxed e-con e-parent\" data-id=\"416d439\" data-element_type=\"container\" data-e-type=\"container\" data-settings=\"{&quot;background_background&quot;:&quot;classic&quot;}\">\n\t\t\t\t\t<div class=\"e-con-inner\">\n\t\t<div class=\"elementor-element elementor-element-4e796da e-con-full e-flex e-con e-child\" data-id=\"4e796da\" data-element_type=\"container\" data-e-type=\"container\">\n\t\t\t\t<div class=\"elementor-element elementor-element-9187f13 elementor-widget elementor-widget-heading\" data-id=\"9187f13\" data-element_type=\"widget\" data-e-type=\"widget\" data-widget_type=\"heading.default\">\n\t\t\t\t<div class=\"elementor-widget-container\">\n\t\t\t\t\t<h1 class=\"elementor-heading-title elementor-size-default\"><a href=\"http:\/\/felm\u00e9r\u00e9s\">Survey<\/a><\/h1>\t\t\t\t<\/div>\n\t\t\t\t<\/div>\n\t\t\t\t<div class=\"elementor-element elementor-element-f8501e4 elementor-widget-divider--view-line elementor-widget elementor-widget-divider\" data-id=\"f8501e4\" data-element_type=\"widget\" data-e-type=\"widget\" data-widget_type=\"divider.default\">\n\t\t\t\t<div class=\"elementor-widget-container\">\n\t\t\t\t\t\t\t<div class=\"elementor-divider\">\n\t\t\t<span class=\"elementor-divider-separator\">\n\t\t\t\t\t\t<\/span>\n\t\t<\/div>\n\t\t\t\t\t\t<\/div>\n\t\t\t\t<\/div>\n\t\t\t\t<\/div>\n\t\t\t\t\t<\/div>\n\t\t\t\t<\/div>\n\t\t<div class=\"elementor-element elementor-element-ff103a4 e-flex e-con-boxed e-con e-parent\" data-id=\"ff103a4\" data-element_type=\"container\" data-e-type=\"container\">\n\t\t\t\t\t<div class=\"e-con-inner\">\n\t\t\t\t<div class=\"elementor-element elementor-element-60f8c3d elementor-widget elementor-widget-html\" data-id=\"60f8c3d\" data-element_type=\"widget\" data-e-type=\"widget\" data-widget_type=\"html.default\">\n\t\t\t\t<div class=\"elementor-widget-container\">\n\t\t\t\t\t<iframe src=\"https:\/\/docs.google.com\/forms\/d\/e\/1FAIpQLSfXacP9nzquH4t4z-zYYYcclly773iMPt0XQrIaxCwWS3RYRA\/viewform?embedded=true\" width=\"100%\" height=\"520\" frameborder=\"0\" marginheight=\"0\" marginwidth=\"0\">Bet\u00f6lt\u00e9s\u2026<\/iframe>\t\t\t\t<\/div>\n\t\t\t\t<\/div>\n\t\t\t\t\t<\/div>\n\t\t\t\t<\/div>\n\t\t\t\t<\/div>","protected":false},"excerpt":{"rendered":"<p>K\u00e9rd\u0151\u00edv seg\u00edti munk\u00e1nkat, hogy jobban meg\u00e9rts\u00fck, mi\u00e9rt v\u00e1lasztj\u00e1k a c\u00e9gek HR szolg\u00e1ltat\u00e1sainkat, \u00e9s mi a legfontosabb szempont a d\u00f6nt\u00e9shozatal sor\u00e1n.<\/p>","protected":false},"author":2,"featured_media":0,"parent":0,"menu_order":0,"comment_status":"closed","ping_status":"closed","template":"","meta":{"inline_featured_image":false,"two_page_speed":[],"footnotes":""},"class_list":["post-732","page","type-page","status-publish","hentry"],"yoast_head":"<!-- This site is optimized with the Yoast SEO plugin v27.0 - https:\/\/yoast.com\/product\/yoast-seo-wordpress\/ -->\n<title>Felm\u00e9r\u00e9s - JOBKER<\/title>\n<meta name=\"robots\" content=\"index, follow, max-snippet:-1, max-image-preview:large, max-video-preview:-1\" \/>\n<link rel=\"canonical\" href=\"https:\/\/jobker.hu\/en\/felmeres\/\" \/>\n<meta property=\"og:locale\" content=\"en_US\" \/>\n<meta property=\"og:type\" content=\"article\" \/>\n<meta property=\"og:title\" content=\"Felm\u00e9r\u00e9s - JOBKER\" \/>\n<meta property=\"og:description\" content=\"K\u00e9rd\u0151\u00edv seg\u00edti munk\u00e1nkat, hogy jobban meg\u00e9rts\u00fck, mi\u00e9rt v\u00e1lasztj\u00e1k a c\u00e9gek HR szolg\u00e1ltat\u00e1sainkat, \u00e9s mi a legfontosabb szempont a d\u00f6nt\u00e9shozatal sor\u00e1n.\" \/>\n<meta property=\"og:url\" content=\"https:\/\/jobker.hu\/en\/felmeres\/\" \/>\n<meta property=\"og:site_name\" content=\"JOBKER\" \/>\n<meta property=\"article:publisher\" content=\"https:\/\/www.facebook.com\/profile.php?id=61572218285275\" \/>\n<meta property=\"article:modified_time\" content=\"2024-11-27T11:30:29+00:00\" \/>\n<meta name=\"twitter:card\" content=\"summary_large_image\" \/>\n<script type=\"application\/ld+json\" class=\"yoast-schema-graph\">{\"@context\":\"https:\/\/schema.org\",\"@graph\":[{\"@type\":\"WebPage\",\"@id\":\"https:\/\/jobker.hu\/felmeres\/\",\"url\":\"https:\/\/jobker.hu\/felmeres\/\",\"name\":\"Felm\u00e9r\u00e9s - JOBKER\",\"isPartOf\":{\"@id\":\"https:\/\/jobker.hu\/#website\"},\"datePublished\":\"2024-11-27T11:24:18+00:00\",\"dateModified\":\"2024-11-27T11:30:29+00:00\",\"breadcrumb\":{\"@id\":\"https:\/\/jobker.hu\/felmeres\/#breadcrumb\"},\"inLanguage\":\"en-US\",\"potentialAction\":[{\"@type\":\"ReadAction\",\"target\":[\"https:\/\/jobker.hu\/felmeres\/\"]}]},{\"@type\":\"BreadcrumbList\",\"@id\":\"https:\/\/jobker.hu\/felmeres\/#breadcrumb\",\"itemListElement\":[{\"@type\":\"ListItem\",\"position\":1,\"name\":\"Home\",\"item\":\"https:\/\/jobker.hu\/\"},{\"@type\":\"ListItem\",\"position\":2,\"name\":\"Felm\u00e9r\u00e9s\"}]},{\"@type\":\"WebSite\",\"@id\":\"https:\/\/jobker.hu\/#website\",\"url\":\"https:\/\/jobker.hu\/\",\"name\":\"JOBKER\",\"description\":\"Munkaer\u0151-k\u00f6lcs\u00f6nz\u00e9s, projekt megb\u00edz\u00e1s, EOR\",\"publisher\":{\"@id\":\"https:\/\/jobker.hu\/#organization\"},\"potentialAction\":[{\"@type\":\"SearchAction\",\"target\":{\"@type\":\"EntryPoint\",\"urlTemplate\":\"https:\/\/jobker.hu\/?s={search_term_string}\"},\"query-input\":{\"@type\":\"PropertyValueSpecification\",\"valueRequired\":true,\"valueName\":\"search_term_string\"}}],\"inLanguage\":\"en-US\"},{\"@type\":\"Organization\",\"@id\":\"https:\/\/jobker.hu\/#organization\",\"name\":\"JOBKER Kft.\",\"alternateName\":\"JOBKER\",\"url\":\"https:\/\/jobker.hu\/\",\"logo\":{\"@type\":\"ImageObject\",\"inLanguage\":\"en-US\",\"@id\":\"https:\/\/jobker.hu\/#\/schema\/logo\/image\/\",\"url\":\"https:\/\/jobker.hu\/wp-content\/uploads\/2024\/08\/cropped-upscaled-4x-jobker_logo.png\",\"contentUrl\":\"https:\/\/jobker.hu\/wp-content\/uploads\/2024\/08\/cropped-upscaled-4x-jobker_logo.png\",\"width\":3546,\"height\":794,\"caption\":\"JOBKER Kft.\"},\"image\":{\"@id\":\"https:\/\/jobker.hu\/#\/schema\/logo\/image\/\"},\"sameAs\":[\"https:\/\/www.facebook.com\/profile.php?id=61572218285275\",\"https:\/\/www.linkedin.com\/company\/jober-group-hu\"]}]}<\/script>\n<!-- \/ Yoast SEO plugin. -->","yoast_head_json":{"title":"Felm\u00e9r\u00e9s - JOBKER","robots":{"index":"index","follow":"follow","max-snippet":"max-snippet:-1","max-image-preview":"max-image-preview:large","max-video-preview":"max-video-preview:-1"},"canonical":"https:\/\/jobker.hu\/en\/felmeres\/","og_locale":"en_US","og_type":"article","og_title":"Felm\u00e9r\u00e9s - JOBKER","og_description":"K\u00e9rd\u0151\u00edv seg\u00edti munk\u00e1nkat, hogy jobban meg\u00e9rts\u00fck, mi\u00e9rt v\u00e1lasztj\u00e1k a c\u00e9gek HR szolg\u00e1ltat\u00e1sainkat, \u00e9s mi a legfontosabb szempont a d\u00f6nt\u00e9shozatal sor\u00e1n.","og_url":"https:\/\/jobker.hu\/en\/felmeres\/","og_site_name":"JOBKER","article_publisher":"https:\/\/www.facebook.com\/profile.php?id=61572218285275","article_modified_time":"2024-11-27T11:30:29+00:00","twitter_card":"summary_large_image","schema":{"@context":"https:\/\/schema.org","@graph":[{"@type":"WebPage","@id":"https:\/\/jobker.hu\/felmeres\/","url":"https:\/\/jobker.hu\/felmeres\/","name":"Felm\u00e9r\u00e9s - JOBKER","isPartOf":{"@id":"https:\/\/jobker.hu\/#website"},"datePublished":"2024-11-27T11:24:18+00:00","dateModified":"2024-11-27T11:30:29+00:00","breadcrumb":{"@id":"https:\/\/jobker.hu\/felmeres\/#breadcrumb"},"inLanguage":"en-US","potentialAction":[{"@type":"ReadAction","target":["https:\/\/jobker.hu\/felmeres\/"]}]},{"@type":"BreadcrumbList","@id":"https:\/\/jobker.hu\/felmeres\/#breadcrumb","itemListElement":[{"@type":"ListItem","position":1,"name":"Home","item":"https:\/\/jobker.hu\/"},{"@type":"ListItem","position":2,"name":"Felm\u00e9r\u00e9s"}]},{"@type":"WebSite","@id":"https:\/\/jobker.hu\/#website","url":"https:\/\/jobker.hu\/","name":"JOBKER","description":"Munkaer\u0151-k\u00f6lcs\u00f6nz\u00e9s, projekt megb\u00edz\u00e1s, EOR","publisher":{"@id":"https:\/\/jobker.hu\/#organization"},"potentialAction":[{"@type":"SearchAction","target":{"@type":"EntryPoint","urlTemplate":"https:\/\/jobker.hu\/?s={search_term_string}"},"query-input":{"@type":"PropertyValueSpecification","valueRequired":true,"valueName":"search_term_string"}}],"inLanguage":"en-US"},{"@type":"Organization","@id":"https:\/\/jobker.hu\/#organization","name":"JOBKER Kft.","alternateName":"JOBKER","url":"https:\/\/jobker.hu\/","logo":{"@type":"ImageObject","inLanguage":"en-US","@id":"https:\/\/jobker.hu\/#\/schema\/logo\/image\/","url":"https:\/\/jobker.hu\/wp-content\/uploads\/2024\/08\/cropped-upscaled-4x-jobker_logo.png","contentUrl":"https:\/\/jobker.hu\/wp-content\/uploads\/2024\/08\/cropped-upscaled-4x-jobker_logo.png","width":3546,"height":794,"caption":"JOBKER Kft."},"image":{"@id":"https:\/\/jobker.hu\/#\/schema\/logo\/image\/"},"sameAs":["https:\/\/www.facebook.com\/profile.php?id=61572218285275","https:\/\/www.linkedin.com\/company\/jober-group-hu"]}]}},"_links":{"self":[{"href":"https:\/\/jobker.hu\/en\/wp-json\/wp\/v2\/pages\/732","targetHints":{"allow":["GET"]}}],"collection":[{"href":"https:\/\/jobker.hu\/en\/wp-json\/wp\/v2\/pages"}],"about":[{"href":"https:\/\/jobker.hu\/en\/wp-json\/wp\/v2\/types\/page"}],"author":[{"embeddable":true,"href":"https:\/\/jobker.hu\/en\/wp-json\/wp\/v2\/users\/2"}],"replies":[{"embeddable":true,"href":"https:\/\/jobker.hu\/en\/wp-json\/wp\/v2\/comments?post=732"}],"version-history":[{"count":0,"href":"https:\/\/jobker.hu\/en\/wp-json\/wp\/v2\/pages\/732\/revisions"}],"wp:attachment":[{"href":"https:\/\/jobker.hu\/en\/wp-json\/wp\/v2\/media?parent=732"}],"curies":[{"name":"wp","href":"https:\/\/api.w.org\/{rel}","templated":true}]}}